{"id":538,"date":"2022-06-23T00:01:37","date_gmt":"2022-06-22T22:01:37","guid":{"rendered":"https:\/\/mamamiriamamusic.com\/?page_id=538"},"modified":"2022-06-23T00:05:16","modified_gmt":"2022-06-22T22:05:16","slug":"impressum","status":"publish","type":"page","link":"https:\/\/mamamiriamamusic.com\/en\/impressum\/","title":{"rendered":"Impressum"},"content":{"rendered":"<div data-elementor-type=\"wp-page\" data-elementor-id=\"538\" class=\"elementor elementor-538\" data-elementor-post-type=\"page\">\n\t\t\t\t\t\t<section class=\"elementor-section elementor-top-section elementor-element elementor-element-ce88727 elementor-section-boxed elementor-section-height-default elementor-section-height-default\" data-id=\"ce88727\" data-element_type=\"section\" data-e-type=\"section\" data-settings=\"{&quot;background_background&quot;:&quot;classic&quot;,&quot;shape_divider_bottom&quot;:&quot;wave-brush&quot;}\">\n\t\t\t\t\t<div class=\"elementor-shape elementor-shape-bottom\" aria-hidden=\"true\" data-negative=\"false\">\n\t\t\t<svg xmlns=\"http:\/\/www.w3.org\/2000\/svg\" viewbox=\"0 0 283.5 27.8\" preserveaspectratio=\"none\">\n\t<path class=\"elementor-shape-fill\" d=\"M283.5,9.7c0,0-7.3,4.3-14,4.6c-6.8,0.3-12.6,0-20.9-1.5c-11.3-2-33.1-10.1-44.7-5.7\ts-12.1,4.6-18,7.4c-6.6,3.2-20,9.6-36.6,9.3C131.6,23.5,99.5,7.2,86.3,8c-1.4,0.1-6.6,0.8-10.5,2c-3.8,1.2-9.4,3.8-17,4.7\tc-3.2,0.4-8.3,1.1-14.2,0.9c-1.5-0.1-6.3-0.4-12-1.6c-5.7-1.2-11-3.1-15.8-3.7C6.5,9.2,0,10.8,0,10.8V0h283.5V9.7z M260.8,11.3\tc-0.7-1-2-0.4-4.3-0.4c-2.3,0-6.1-1.2-5.8-1.1c0.3,0.1,3.1,1.5,6,1.9C259.7,12.2,261.4,12.3,260.8,11.3z M242.4,8.6\tc0,0-2.4-0.2-5.6-0.9c-3.2-0.8-10.3-2.8-15.1-3.5c-8.2-1.1-15.8,0-15.1,0.1c0.8,0.1,9.6-0.6,17.6,1.1c3.3,0.7,9.3,2.2,12.4,2.7\tC239.9,8.7,242.4,8.6,242.4,8.6z M185.2,8.5c1.7-0.7-13.3,4.7-18.5,6.1c-2.1,0.6-6.2,1.6-10,2c-3.9,0.4-8.9,0.4-8.8,0.5\tc0,0.2,5.8,0.8,11.2,0c5.4-0.8,5.2-1.1,7.6-1.6C170.5,14.7,183.5,9.2,185.2,8.5z M199.1,6.9c0.2,0-0.8-0.4-4.8,1.1\tc-4,1.5-6.7,3.5-6.9,3.7c-0.2,0.1,3.5-1.8,6.6-3C197,7.5,199,6.9,199.1,6.9z M283,6c-0.1,0.1-1.9,1.1-4.8,2.5s-6.9,2.8-6.7,2.7\tc0.2,0,3.5-0.6,7.4-2.5C282.8,6.8,283.1,5.9,283,6z M31.3,11.6c0.1-0.2-1.9-0.2-4.5-1.2s-5.4-1.6-7.8-2C15,7.6,7.3,8.5,7.7,8.6\tC8,8.7,15.9,8.3,20.2,9.3c2.2,0.5,2.4,0.5,5.7,1.6S31.2,11.9,31.3,11.6z M73,9.2c0.4-0.1,3.5-1.6,8.4-2.6c4.9-1.1,8.9-0.5,8.9-0.8\tc0-0.3-1-0.9-6.2-0.3S72.6,9.3,73,9.2z M71.6,6.7C71.8,6.8,75,5.4,77.3,5c2.3-0.3,1.9-0.5,1.9-0.6c0-0.1-1.1-0.2-2.7,0.2\tC74.8,5.1,71.4,6.6,71.6,6.7z M93.6,4.4c0.1,0.2,3.5,0.8,5.6,1.8c2.1,1,1.8,0.6,1.9,0.5c0.1-0.1-0.8-0.8-2.4-1.3\tC97.1,4.8,93.5,4.2,93.6,4.4z M65.4,11.1c-0.1,0.3,0.3,0.5,1.9-0.2s2.6-1.3,2.2-1.2s-0.9,0.4-2.5,0.8C65.3,10.9,65.5,10.8,65.4,11.1\tz M34.5,12.4c-0.2,0,2.1,0.8,3.3,0.9c1.2,0.1,2,0.1,2-0.2c0-0.3-0.1-0.5-1.6-0.4C36.6,12.8,34.7,12.4,34.5,12.4z M152.2,21.1\tc-0.1,0.1-2.4-0.3-7.5-0.3c-5,0-13.6-2.4-17.2-3.5c-3.6-1.1,10,3.9,16.5,4.1C150.5,21.6,152.3,21,152.2,21.1z\"\/>\n\t<path class=\"elementor-shape-fill\" d=\"M269.6,18c-0.1-0.1-4.6,0.3-7.2,0c-7.3-0.7-17-3.2-16.6-2.9c0.4,0.3,13.7,3.1,17,3.3\tC267.7,18.8,269.7,18,269.6,18z\"\/>\n\t<path class=\"elementor-shape-fill\" d=\"M227.4,9.8c-0.2-0.1-4.5-1-9.5-1.2c-5-0.2-12.7,0.6-12.3,0.5c0.3-0.1,5.9-1.8,13.3-1.2\tS227.6,9.9,227.4,9.8z\"\/>\n\t<path class=\"elementor-shape-fill\" d=\"M204.5,13.4c-0.1-0.1,2-1,3.2-1.1c1.2-0.1,2,0,2,0.3c0,0.3-0.1,0.5-1.6,0.4\tC206.4,12.9,204.6,13.5,204.5,13.4z\"\/>\n\t<path class=\"elementor-shape-fill\" d=\"M201,10.6c0-0.1-4.4,1.2-6.3,2.2c-1.9,0.9-6.2,3.1-6.1,3.1c0.1,0.1,4.2-1.6,6.3-2.6\tS201,10.7,201,10.6z\"\/>\n\t<path class=\"elementor-shape-fill\" d=\"M154.5,26.7c-0.1-0.1-4.6,0.3-7.2,0c-7.3-0.7-17-3.2-16.6-2.9c0.4,0.3,13.7,3.1,17,3.3\tC152.6,27.5,154.6,26.8,154.5,26.7z\"\/>\n\t<path class=\"elementor-shape-fill\" d=\"M41.9,19.3c0,0,1.2-0.3,2.9-0.1c1.7,0.2,5.8,0.9,8.2,0.7c4.2-0.4,7.4-2.7,7-2.6\tc-0.4,0-4.3,2.2-8.6,1.9c-1.8-0.1-5.1-0.5-6.7-0.4S41.9,19.3,41.9,19.3z\"\/>\n\t<path class=\"elementor-shape-fill\" d=\"M75.5,12.6c0.2,0.1,2-0.8,4.3-1.1c2.3-0.2,2.1-0.3,2.1-0.5c0-0.1-1.8-0.4-3.4,0\tC76.9,11.5,75.3,12.5,75.5,12.6z\"\/>\n\t<path class=\"elementor-shape-fill\" d=\"M15.6,13.2c0-0.1,4.3,0,6.7,0.5c2.4,0.5,5,1.9,5,2c0,0.1-2.7-0.8-5.1-1.4\tC19.9,13.7,15.7,13.3,15.6,13.2z\"\/>\n<\/svg>\t\t<\/div>\n\t\t\t\t\t<div class=\"elementor-container elementor-column-gap-default\">\n\t\t\t\t\t<div class=\"elementor-column elementor-col-100 elementor-top-column elementor-element elementor-element-ef3ad84\" data-id=\"ef3ad84\" data-element_type=\"column\" data-e-type=\"column\" data-settings=\"{&quot;background_background&quot;:&quot;classic&quot;}\">\n\t\t\t<div class=\"elementor-widget-wrap elementor-element-populated\">\n\t\t\t\t\t\t<div class=\"elementor-element elementor-element-4e36253 elementor-widget elementor-widget-heading\" data-id=\"4e36253\" data-element_type=\"widget\" data-e-type=\"widget\" data-widget_type=\"heading.default\">\n\t\t\t\t<div class=\"elementor-widget-container\">\n\t\t\t\t\t<h1 class=\"elementor-heading-title elementor-size-default\">Impressum<\/h1>\t\t\t\t<\/div>\n\t\t\t\t<\/div>\n\t\t\t\t\t<\/div>\n\t\t<\/div>\n\t\t\t\t\t<\/div>\n\t\t<\/section>\n\t\t\t\t<section class=\"elementor-section elementor-top-section elementor-element elementor-element-11e23ab elementor-section-boxed elementor-section-height-default elementor-section-height-default\" data-id=\"11e23ab\" data-element_type=\"section\" data-e-type=\"section\">\n\t\t\t\t\t\t<div class=\"elementor-container elementor-column-gap-default\">\n\t\t\t\t\t<div class=\"elementor-column elementor-col-100 elementor-top-column elementor-element elementor-element-a8c753c\" data-id=\"a8c753c\" data-element_type=\"column\" data-e-type=\"column\">\n\t\t\t<div class=\"elementor-widget-wrap elementor-element-populated\">\n\t\t\t\t\t\t<div class=\"elementor-element elementor-element-4209b1e elementor-widget elementor-widget-text-editor\" data-id=\"4209b1e\" data-element_type=\"widget\" data-e-type=\"widget\" data-widget_type=\"text-editor.default\">\n\t\t\t\t<div class=\"elementor-widget-container\">\n\t\t\t\t\t\t\t\t\t<h4><strong>Angaben gem\u00e4\u00df \u00a7 5 TMG<\/strong><\/h4><p>Miriama Broady<br \/>Kolomannstrasse 4<br \/>84048 Mainburg<\/p><p>\u00a0<\/p><h4><strong>Kontakt<\/strong><\/h4><p>Telefon: +<a href=\"tel:+491735949024\">49 173 59 49 024<\/a><br \/>E-Mail: <a href=\"mailto:mmiriamamusic@gmail.com\">mmiriamamusic@gmail.com<\/a><\/p><p>\u00a0<\/p><h4><strong>EU-Streitschlichtung<\/strong><\/h4><p>Die Europ\u00e4ische Kommission stellt eine Plattform zur Online-Streitbeilegung (OS) bereit:<\/p><p><a href=\"https:\/\/ec.europa.eu\/consumers\/odr\/\" target=\"_blank\" rel=\"noopener noreferrer\">https:\/\/ec.europa.eu\/consumers\/odr\/<\/a><\/p><p><br \/>Unsere E-Mail-Adresse finden Sie oben im Impressum.<\/p><p>\u00a0<\/p><h4><strong>Verbraucher\u00adstreit\u00adbeilegung\/Universal\u00adschlichtungs\u00adstelle<\/strong><\/h4><p>Wir sind nicht bereit oder verpflichtet, an Streitbeilegungsverfahren vor einer Verbraucherschlichtungsstelle teilzunehmen.<\/p>\t\t\t\t\t\t\t\t<\/div>\n\t\t\t\t<\/div>\n\t\t\t\t\t<\/div>\n\t\t<\/div>\n\t\t\t\t\t<\/div>\n\t\t<\/section>\n\t\t\t\t<section class=\"elementor-section elementor-top-section elementor-element elementor-element-5099b15 elementor-section-boxed elementor-section-height-default elementor-section-height-default\" data-id=\"5099b15\" data-element_type=\"section\" data-e-type=\"section\">\n\t\t\t\t\t\t<div class=\"elementor-container elementor-column-gap-default\">\n\t\t\t\t\t<div class=\"elementor-column elementor-col-100 elementor-top-column elementor-element elementor-element-78c4b22\" data-id=\"78c4b22\" data-element_type=\"column\" data-e-type=\"column\">\n\t\t\t<div class=\"elementor-widget-wrap\">\n\t\t\t\t\t\t\t<\/div>\n\t\t<\/div>\n\t\t\t\t\t<\/div>\n\t\t<\/section>\n\t\t\t\t<\/div>","protected":false},"excerpt":{"rendered":"<p>Impressum Angaben gem\u00e4\u00df \u00a7 5 TMG Miriama BroadyKolomannstrasse 484048 Mainburg \u00a0 Kontakt Telefon: +49 173 59 49 024E-Mail: <a href=\"mailto:mmiriamamusic@gmail.com\">mmiriamamusic@gmail.com<\/a> \u00a0 EU-Streitschlichtung Die Europ\u00e4ische Kommission stellt eine Plattform zur Online-Streitbeilegung (OS) bereit: <a href=\"https:\/\/ec.europa.eu\/consumers\/odr\/\" rel=\"nofollow\">https:\/\/ec.europa.eu\/consumers\/odr\/<\/a> Unsere E-Mail-Adresse finden Sie oben im Impressum. \u00a0 Verbraucher\u00adstreit\u00adbeilegung\/Universal\u00adschlichtungs\u00adstelle Wir sind nicht bereit oder verpflichtet, an Streitbeilegungsverfahren vor einer Verbraucherschlichtungsstelle teilzunehmen.<\/p>","protected":false},"author":210054075,"featured_media":0,"parent":0,"menu_order":0,"comment_status":"closed","ping_status":"closed","template":"elementor_header_footer","meta":{"_coblocks_attr":"","_coblocks_dimensions":"","_coblocks_responsive_height":"","_coblocks_accordion_ie_support":"","_crdt_document":"","advanced_seo_description":"","jetpack_seo_html_title":"","jetpack_seo_noindex":false,"footnotes":""},"class_list":["post-538","page","type-page","status-publish","hentry"],"jetpack_likes_enabled":true,"jetpack_sharing_enabled":true,"jetpack_shortlink":"https:\/\/wp.me\/PdifQs-8G","jetpack-related-posts":[{"id":590,"url":"https:\/\/mamamiriamamusic.com\/en\/kontakt\/","url_meta":{"origin":538,"position":0},"title":"Kontakt","author":"groovyafricanladies","date":"June 23, 2022","format":false,"excerpt":"Kontakt Rufnummer +49 173 59 49 024 E-Mail mmiriamamusic@gmail.com Adresse Kolomannstr. 4 | 84048 Mainburg Kontaktformular","rel":"","context":"Similar post","block_context":{"text":"Similar post","link":""},"img":{"alt_text":"","src":"","width":0,"height":0},"classes":[]},{"id":285,"url":"https:\/\/mamamiriamamusic.com\/en\/","url_meta":{"origin":538,"position":1},"title":"Startseite","author":"groovyafricanladies","date":"June 22, 2022","format":false,"excerpt":"Willkommen im Mama Miriama Music Studio UnterrichtIn meinem \"Mama Miriama Music Studio\" biete ich privaten Musikunterricht f\u00fcr Kinder, Jugendliche und Erwachsene. Egal ob Anf\u00e4nger oder Fortgeschrittener, einzeln oder in Gruppen, dazu verschiedene Workshops. Mehr Infos... Tour \/ NewsSchon mein ganzes Leben bin ich als reisende Musikerin in der Welt unterwegs.\u2026","rel":"","context":"Similar post","block_context":{"text":"Similar post","link":""},"img":{"alt_text":"","src":"https:\/\/i0.wp.com\/mamamiriamamusic.com\/wp-content\/uploads\/2022\/06\/African-Musicgroup-Freigestellt.png?resize=350%2C200&ssl=1","width":350,"height":200,"srcset":"https:\/\/i0.wp.com\/mamamiriamamusic.com\/wp-content\/uploads\/2022\/06\/African-Musicgroup-Freigestellt.png?resize=350%2C200&ssl=1 1x, https:\/\/i0.wp.com\/mamamiriamamusic.com\/wp-content\/uploads\/2022\/06\/African-Musicgroup-Freigestellt.png?resize=525%2C300&ssl=1 1.5x, https:\/\/i0.wp.com\/mamamiriamamusic.com\/wp-content\/uploads\/2022\/06\/African-Musicgroup-Freigestellt.png?resize=700%2C400&ssl=1 2x"},"classes":[]},{"id":564,"url":"https:\/\/mamamiriamamusic.com\/en\/ueber-mich\/","url_meta":{"origin":538,"position":2},"title":"\u00dcber mich","author":"groovyafricanladies","date":"June 23, 2022","format":false,"excerpt":"Biografie \u00a0Schon ihr ganzes Leben ist sie als reisende Musikerin in der Welt unterwegs. Ihre Suche nach Musik f\u00fchrte sie auf f\u00fcnf Kontinente. Geboren und aufgewachsen in den USA, machte sie sich bereits mit 16 Jahren auf die Reise und hat es nie bereut. Die Grundlage ihres Sounds entwickelte sich\u2026","rel":"","context":"Similar post","block_context":{"text":"Similar post","link":""},"img":{"alt_text":"","src":"https:\/\/i0.wp.com\/mamamiriamamusic.com\/wp-content\/uploads\/2022\/06\/miriam-broady-gitarrenlehrerin.jpg?resize=350%2C200&ssl=1","width":350,"height":200,"srcset":"https:\/\/i0.wp.com\/mamamiriamamusic.com\/wp-content\/uploads\/2022\/06\/miriam-broady-gitarrenlehrerin.jpg?resize=350%2C200&ssl=1 1x, https:\/\/i0.wp.com\/mamamiriamamusic.com\/wp-content\/uploads\/2022\/06\/miriam-broady-gitarrenlehrerin.jpg?resize=525%2C300&ssl=1 1.5x, https:\/\/i0.wp.com\/mamamiriamamusic.com\/wp-content\/uploads\/2022\/06\/miriam-broady-gitarrenlehrerin.jpg?resize=700%2C400&ssl=1 2x"},"classes":[]},{"id":1066,"url":"https:\/\/mamamiriamamusic.com\/en\/unterricht-gitarre\/","url_meta":{"origin":538,"position":3},"title":"Unterricht &#8211; Gitarre","author":"groovyafricanladies","date":"October 19, 2022","format":false,"excerpt":"Gitarrenunterricht Musikunterricht f\u00fcr Kinder, Jugendliche und Erwachsene in Mainburg Mama Miriama Music Studio bietet in Mainburg privaten Musikunterricht f\u00fcr Kinder, Jugendliche und Erwachsene, f\u00fcr Anf\u00e4nger und Fortgeschrittene, einzeln oder in Gruppen, dazu verschiedene Workshops. Als Musikerin bin ich in mehr als 15 L\u00e4ndern auf vier Kontinenten aufgetreten. Als Lehrerin gebe\u2026","rel":"","context":"Similar post","block_context":{"text":"Similar post","link":""},"img":{"alt_text":"","src":"https:\/\/i0.wp.com\/mamamiriamamusic.com\/wp-content\/uploads\/2022\/06\/Gitarre.png?resize=350%2C200&ssl=1","width":350,"height":200,"srcset":"https:\/\/i0.wp.com\/mamamiriamamusic.com\/wp-content\/uploads\/2022\/06\/Gitarre.png?resize=350%2C200&ssl=1 1x, https:\/\/i0.wp.com\/mamamiriamamusic.com\/wp-content\/uploads\/2022\/06\/Gitarre.png?resize=525%2C300&ssl=1 1.5x, https:\/\/i0.wp.com\/mamamiriamamusic.com\/wp-content\/uploads\/2022\/06\/Gitarre.png?resize=700%2C400&ssl=1 2x"},"classes":[]},{"id":1034,"url":"https:\/\/mamamiriamamusic.com\/en\/unterricht-thankyou\/","url_meta":{"origin":538,"position":4},"title":"Unterricht Thank you","author":"groovyafricanladies","date":"September 28, 2022","format":false,"excerpt":"Unterricht Vielen Dank f\u00fcr Deine Anfrage. Ich melde mich schnellst m\u00f6glich zur\u00fcck. Mama Miriama Music Studio bietet privaten Musikunterricht f\u00fcr Kinder, Jugendliche und Erwachsene, f\u00fcr Anf\u00e4nger und Fortgeschrittene, einzeln oder in Gruppen, dazu verschiedene Workshops. Als Musikerin bin ich in mehr als 15 L\u00e4ndern auf vier Kontinenten aufgetreten. Als Lehrerin\u2026","rel":"","context":"Similar post","block_context":{"text":"Similar post","link":""},"img":{"alt_text":"","src":"https:\/\/i0.wp.com\/mamamiriamamusic.com\/wp-content\/uploads\/2022\/06\/Gitarre.png?resize=350%2C200&ssl=1","width":350,"height":200,"srcset":"https:\/\/i0.wp.com\/mamamiriamamusic.com\/wp-content\/uploads\/2022\/06\/Gitarre.png?resize=350%2C200&ssl=1 1x, https:\/\/i0.wp.com\/mamamiriamamusic.com\/wp-content\/uploads\/2022\/06\/Gitarre.png?resize=525%2C300&ssl=1 1.5x, https:\/\/i0.wp.com\/mamamiriamamusic.com\/wp-content\/uploads\/2022\/06\/Gitarre.png?resize=700%2C400&ssl=1 2x"},"classes":[]},{"id":924,"url":"https:\/\/mamamiriamamusic.com\/en\/gals-music-school\/","url_meta":{"origin":538,"position":5},"title":"GALS Music School","author":"groovyafricanladies","date":"June 25, 2022","format":false,"excerpt":"THE Groovy African Ladies MUSIC SCHOOL https:\/\/youtu.be\/pSlVditmzHc Das ist unsere Geschichte Hallo, hier ist Miriama. Ich bin Musikerin und Musiklehrerin. Ich bin ein Weltb\u00fcrger und ein Reisender. Ich habe viel Zeit damit verbracht, zu reisen und Musik zu lernen, wo immer ich war. Zuerst war ich in die indische Musik\u2026","rel":"","context":"Similar post","block_context":{"text":"Similar post","link":""},"img":{"alt_text":"","src":"https:\/\/i0.wp.com\/mamamiriamamusic.com\/wp-content\/uploads\/2021\/08\/colorlogo.jpg?resize=350%2C200&ssl=1","width":350,"height":200,"srcset":"https:\/\/i0.wp.com\/mamamiriamamusic.com\/wp-content\/uploads\/2021\/08\/colorlogo.jpg?resize=350%2C200&ssl=1 1x, https:\/\/i0.wp.com\/mamamiriamamusic.com\/wp-content\/uploads\/2021\/08\/colorlogo.jpg?resize=525%2C300&ssl=1 1.5x, https:\/\/i0.wp.com\/mamamiriamamusic.com\/wp-content\/uploads\/2021\/08\/colorlogo.jpg?resize=700%2C400&ssl=1 2x"},"classes":[]}],"_links":{"self":[{"href":"https:\/\/mamamiriamamusic.com\/en\/wp-json\/wp\/v2\/pages\/538","targetHints":{"allow":["GET"]}}],"collection":[{"href":"https:\/\/mamamiriamamusic.com\/en\/wp-json\/wp\/v2\/pages"}],"about":[{"href":"https:\/\/mamamiriamamusic.com\/en\/wp-json\/wp\/v2\/types\/page"}],"author":[{"embeddable":true,"href":"https:\/\/mamamiriamamusic.com\/en\/wp-json\/wp\/v2\/users\/210054075"}],"replies":[{"embeddable":true,"href":"https:\/\/mamamiriamamusic.com\/en\/wp-json\/wp\/v2\/comments?post=538"}],"version-history":[{"count":10,"href":"https:\/\/mamamiriamamusic.com\/en\/wp-json\/wp\/v2\/pages\/538\/revisions"}],"predecessor-version":[{"id":548,"href":"https:\/\/mamamiriamamusic.com\/en\/wp-json\/wp\/v2\/pages\/538\/revisions\/548"}],"wp:attachment":[{"href":"https:\/\/mamamiriamamusic.com\/en\/wp-json\/wp\/v2\/media?parent=538"}],"curies":[{"name":"wp","href":"https:\/\/api.w.org\/{rel}","templated":true}]}}